{"id":750,"date":"2025-05-13T18:33:26","date_gmt":"2025-05-13T18:33:26","guid":{"rendered":"https:\/\/www.aser-machine.com\/?page_id=750"},"modified":"2025-05-13T18:34:35","modified_gmt":"2025-05-13T18:34:35","slug":"comparison-rsseries","status":"publish","type":"page","link":"https:\/\/www.aser-machine.com\/?page_id=750","title":{"rendered":"comparison-RSseries"},"content":{"rendered":"\n<div class=\"wp-block-group alignfull has-global-padding is-layout-constrained wp-block-group-is-layout-constrained\">\n<div class=\"wp-block-cover alignfull\" style=\"padding-top:var(--wp--preset--spacing--30);padding-right:var(--wp--preset--spacing--30);padding-bottom:var(--wp--preset--spacing--30);padding-left:var(--wp--preset--spacing--30);min-height:50px;aspect-ratio:unset;\"><img loading=\"lazy\" decoding=\"async\" width=\"1005\" height=\"562\" class=\"wp-block-cover__image-background wp-image-171\" alt=\"\" src=\"https:\/\/www.aser-machine.com\/wp-content\/uploads\/2024\/11\/Screenshot-2024-11-23-165907-6.png\" data-object-fit=\"cover\" srcset=\"https:\/\/www.aser-machine.com\/wp-content\/uploads\/2024\/11\/Screenshot-2024-11-23-165907-6.png 1005w, https:\/\/www.aser-machine.com\/wp-content\/uploads\/2024\/11\/Screenshot-2024-11-23-165907-6-300x168.png 300w, https:\/\/www.aser-machine.com\/wp-content\/uploads\/2024\/11\/Screenshot-2024-11-23-165907-6-768x429.png 768w\" sizes=\"auto, (max-width: 1005px) 100vw, 1005px\" \/><span aria-hidden=\"true\" class=\"wp-block-cover__background has-contrast-background-color has-background-dim-30 has-background-dim\"><\/span><div class=\"wp-block-cover__inner-container is-layout-flow wp-block-cover-is-layout-flow\">\n<div style=\"height:10vh\" aria-hidden=\"true\" class=\"wp-block-spacer\"><\/div>\n\n\n\n<p class=\"has-text-align-center has-base-2-color has-text-color has-background has-link-color has-system-sans-serif-font-family wp-elements-51af9ce3c815ee78f9d59fa66792a1e0\" style=\"background-color:#63636382;padding-top:var(--wp--preset--spacing--10);padding-right:0;padding-bottom:var(--wp--preset--spacing--10);padding-left:0;font-size:clamp(24.034px, 1.502rem + ((1vw - 3.2px) * 1.663), 40px);\"><strong>COMPARISON<\/strong><br>PROFORMA &#8211; RS SERIES<\/p>\n\n\n\n<div style=\"height:10vh\" aria-hidden=\"true\" class=\"wp-block-spacer\"><\/div>\n<\/div><\/div>\n<\/div>\n\n\n\n<div class=\"wp-block-group alignfull has-base-2-background-color has-background has-global-padding is-layout-constrained wp-container-core-group-is-layout-d1b0f8f0 wp-block-group-is-layout-constrained\" id=\"Conventional-type-Precision-Surface-Grinding-Machine-series\" style=\"margin-top:0;margin-bottom:0;padding-top:var(--wp--preset--spacing--40);padding-right:var(--wp--preset--spacing--20);padding-bottom:var(--wp--preset--spacing--20);padding-left:var(--wp--preset--spacing--20)\">\n<h2 class=\"wp-block-heading has-text-align-center has-text-color has-link-color has-system-sans-serif-font-family wp-elements-1ef5380448d51f8c767071d41d72d6bd\" style=\"color:#8a0553;font-size:clamp(16.293px, 1.018rem + ((1vw - 3.2px) * 0.907), 25px);\"><strong>PROFORMA &#8211; RS SERIES<\/strong><\/h2>\n\n\n\n<hr class=\"wp-block-separator has-text-color has-alpha-channel-opacity has-background is-style-wide\" style=\"margin-top:var(--wp--preset--spacing--20);margin-bottom:var(--wp--preset--spacing--40);background-color:#8a0553;color:#8a0553\"\/>\n\n\n\n<div class=\"wp-block-group has-global-padding is-layout-constrained wp-container-core-group-is-layout-b1fefe26 wp-block-group-is-layout-constrained\">\n<figure style=\"font-size:13px\" class=\"wp-block-table has-system-sans-serif-font-family\"><table class=\"has-contrast-2-color has-text-color has-link-color has-fixed-layout\"><tbody><tr><th colspan=\"2\">Item<\/th><th>RF-20<\/th><th>RF-60<\/th><th>RF-80<\/th><th>RF-150<\/th><\/tr><tr><td rowspan=\"2\">Material<\/td><td>Strip material (Max.mm)<\/td><td>50W\u00d71.5t<\/td><td>60W\u00d71.6t<\/td><td>80W\u00d71.6t<\/td><td>100W\u00d72.5t<\/td><\/tr><tr><td>Wire material             (Max.mm)<\/td><td>\u03c63<\/td><td>\u03c66<\/td><td>\u03c68<\/td><td>\u03c610<\/td><\/tr><tr><td rowspan=\"4\">Feed unit<\/td><td>Feed length <br>(Max.mm)<\/td><td>150<\/td><td>220<\/td><td>360<\/td><td>500<\/td><\/tr><tr><td>Feed force                              (kN)<\/td><td>0.5<\/td><td>0.5<\/td><td>0.7<\/td><td>0.7<\/td><\/tr><tr><td>Vertical adjustment range<br>(mm)<\/td><td>\u00b135<\/td><td>\u00b135<\/td><td>\u00b135<\/td><td>\u00b170<\/td><\/tr><tr><td>Feeding accuracy  (mm)<\/td><td>0.01<\/td><td>0.01<\/td><td>0.01<\/td><td>0.01<\/td><\/tr><tr><td rowspan=\"6\">Stamping unit<\/td><td>Stamping force<br>(kN)<\/td><td>80<\/td><td>250<\/td><td>350<\/td><td>600<\/td><\/tr><tr><td>Ram stroke                            (mm)<\/td><td>10<\/td><td>15<\/td><td>18<\/td><td>30<\/td><\/tr><tr><td>Die height                                   (mm)<\/td><td>155<\/td><td>230<\/td><td>335.5<\/td><td>355<\/td><\/tr><tr><td>Ram adjustment range                                   (mm)<\/td><td>20<\/td><td>20<\/td><td>31<\/td><td>31<\/td><\/tr><tr><td>Bolster vertical adjustment range (mm)<\/td><td>55<\/td><td>Fixed<\/td><td>Fixed<\/td><td>Fixed<\/td><\/tr><tr><td>Bolster size                                    (mm)<\/td><td>240\u00d7115<\/td><td>420\u00d7267<\/td><td>590\u00d7320<\/td><td>800\u00d7450<\/td><\/tr><tr><td rowspan=\"3\">Bending slide<\/td><td>Bending force                                    (kN)<\/td><td>11(20)<\/td><td>30<\/td><td>40(80)<\/td><td>50(100)<\/td><\/tr><tr><td>Bending stroke                                                           (Max.mm)<\/td><td>45<\/td><td>50<\/td><td>70(60)<\/td><td>110(90)<\/td><\/tr><tr><td>Number of sets installable                         (Max.sets)<\/td><td>9<\/td><td>11<\/td><td>11<\/td><td>11<\/td><\/tr><tr><td rowspan=\"3\">Rear slide unit<\/td><td>Bending force<br>(kN)<\/td><td>20<\/td><td>30<\/td><td>40<\/td><td>50<\/td><\/tr><tr><td>Bending stroke (standard) <br> (mm)<\/td><td>50<\/td><td>60<\/td><td>80<\/td><td>125<\/td><\/tr><tr><td>Number of sets installable<\/td><td>3<\/td><td>3<\/td><td>3<\/td><td>3<\/td><\/tr><tr><td rowspan=\"7\">Main body<\/td><td>Power consumption<br> (V)<\/td><td>200<\/td><td>200<\/td><td>200<\/td><td>200<\/td><\/tr><tr><td>Power capacity <br>(kVA)<\/td><td><span class=\"f10h120\">Approximately<\/span> 7<\/td><td><span class=\"f10h120\">Approximately<\/span> 14<\/td><td><span class=\"f10h120\">Approximately<\/span> 14<\/td><td><span class=\"f10h120\">Approximately<\/span> 22<\/td><\/tr><tr><td>Power equipment <br> (kW)<\/td><td>3.7\/4P<\/td><td>7.5\/4P<\/td><td>7.5\/4P<\/td><td>11\/4P<\/td><\/tr><tr><td>Compressed air supply<br>(MPa)<\/td><td>0.5<\/td><td>0.5<\/td><td>0.5<\/td><td>0.5<\/td><\/tr><tr><td>Machine dimensions                                   (mm)<\/td><td>1510L \u00d7 910W \u00d7 1780H<\/td><td>2000L \u00d7 875W \u00d7 1950H<\/td><td>2655L \u00d7 1100W \u00d7 2155H<\/td><td>3345L \u00d7 1520W \u00d7 2350H<\/td><\/tr><tr><td>Machine weight<br>(kg)<\/td><td>1400<\/td><td>2700<\/td><td>5000<\/td><td>11000<\/td><\/tr><tr><td>Paint color <\/td><td>Munsell N7<\/td><td>Munsell N7<\/td><td>Munsell N7<\/td><td>Munsell N7<\/td><\/tr><tr><td colspan=\"2\">Speed (min-1)<\/td><td>35\u301c350<\/td><td>45\u301c260<\/td><td>35\u301c170<\/td><td>15\u301c100<\/td><\/tr><\/tbody><\/table><\/figure>\n<\/div>\n<\/div>\n","protected":false},"excerpt":{"rendered":"<p>PROFORMA &#8211; RS SERIES Item RF-20 RF-60 RF-80 RF-150 Material Strip material (Max.mm) 50W\u00d71.5t 60W\u00d71.6t 80W\u00d71.6t 100W\u00d72.5t Wire material (Max.mm) \u03c63 \u03c66 \u03c68 \u03c610 Feed unit Feed length (Max.mm) 150 220 360 500 Feed force (kN) 0.5 0.5 0.7 0.7 Vertical adjustment range(mm) \u00b135 \u00b135 \u00b135 \u00b170 Feeding accuracy (mm) 0.01 0.01 0.01 0.01 Stamping [&hellip;]<\/p>\n","protected":false},"author":1,"featured_media":0,"parent":0,"menu_order":0,"comment_status":"closed","ping_status":"closed","template":"","meta":{"footnotes":""},"class_list":["post-750","page","type-page","status-publish","hentry"],"_links":{"self":[{"href":"https:\/\/www.aser-machine.com\/index.php?rest_route=\/wp\/v2\/pages\/750","targetHints":{"allow":["GET"]}}],"collection":[{"href":"https:\/\/www.aser-machine.com\/index.php?rest_route=\/wp\/v2\/pages"}],"about":[{"href":"https:\/\/www.aser-machine.com\/index.php?rest_route=\/wp\/v2\/types\/page"}],"author":[{"embeddable":true,"href":"https:\/\/www.aser-machine.com\/index.php?rest_route=\/wp\/v2\/users\/1"}],"replies":[{"embeddable":true,"href":"https:\/\/www.aser-machine.com\/index.php?rest_route=%2Fwp%2Fv2%2Fcomments&post=750"}],"version-history":[{"count":2,"href":"https:\/\/www.aser-machine.com\/index.php?rest_route=\/wp\/v2\/pages\/750\/revisions"}],"predecessor-version":[{"id":753,"href":"https:\/\/www.aser-machine.com\/index.php?rest_route=\/wp\/v2\/pages\/750\/revisions\/753"}],"wp:attachment":[{"href":"https:\/\/www.aser-machine.com\/index.php?rest_route=%2Fwp%2Fv2%2Fmedia&parent=750"}],"curies":[{"name":"wp","href":"https:\/\/api.w.org\/{rel}","templated":true}]}}